{"id":759,"date":"2025-05-27T16:20:30","date_gmt":"2025-05-27T13:20:30","guid":{"rendered":"https:\/\/vonwahliresidents.ee\/villaare-ou\/"},"modified":"2025-07-03T14:44:42","modified_gmt":"2025-07-03T11:44:42","slug":"villaare-ou","status":"publish","type":"page","link":"https:\/\/vonwahliresidents.ee\/en\/villaare-ou\/","title":{"rendered":"Villaare O\u00dc"},"content":{"rendered":"\t\t<div data-elementor-type=\"wp-page\" data-elementor-id=\"759\" class=\"elementor elementor-759 elementor-136\" data-elementor-post-type=\"page\">\n\t\t\t\t<div class=\"elementor-element elementor-element-1c6d612 e-flex e-con-boxed e-con e-parent\" data-id=\"1c6d612\" data-element_type=\"container\" data-settings=\"{&quot;jet_parallax_layout_list&quot;:[]}\">\n\t\t\t\t\t<div class=\"e-con-inner\">\n\t\t\t\t<div class=\"elementor-element elementor-element-ade9225 elementor-widget elementor-widget-text-editor\" data-id=\"ade9225\" data-element_type=\"widget\" data-widget_type=\"text-editor.default\">\n\t\t\t\t<div class=\"elementor-widget-container\">\n\t\t\t\t\t\t\t\t\t<h3>The builder of Von Wahl Residence is Villaare O\u00dc, with 20 years of experience in the field.<\/h3><p>Villaare O\u00dc was founded in 2005. is a real estate development and construction company established in Tartu, Estonia, in 2007, whose projects are completed under the management and responsibility of its own team. They have experience in both new housing developments and complex reconstructions.<span class=\"Apple-converted-space\"> <\/span><\/p><p>Under their management, for example, apartment buildings such as Oa 29, Aida 2a, Kastani 43 1-2, Savi 6a, Staadioni 65a and Pikk 40 Rare apartment hotel have been completed. The company has a good track record in the renovation of a listed building, this was the case with the reconstruction of Vallikraavi 10.<span class=\"Apple-converted-space\"> <\/span><\/p><p>Villaare\u2019s main areas of activity include construction, general contracting, project management, real estate development, geodesy, and design.<\/p><p><strong>Villaare O\u00dc is certified according to international standards ISO 9001:2015 <\/strong>(quality management), ISO 14001:2015 (environmental management), and ISO 45001:2018 (occupational health and safety), which confirms their commitment to quality, environmental responsibility, and employee well-being.<\/p><p><strong>Villaare O\u00dc is an officially recognised member of the Estonian Association of Creditors<\/strong> and has been awarded the EVUL trust mark since 2013. <br>This certificate confirms that Villaare operates transparently, honestly and as a trustworthy partner.<\/p><p>The certification is based on independent assessments and reflects the developer\u2019s stability, strong reputation, and proper business conduct.<\/p>\t\t\t\t\t\t\t\t<\/div>\n\t\t\t\t<\/div>\n\t\t<div class=\"elementor-element elementor-element-90d5300 e-con-full e-flex e-con e-child\" data-id=\"90d5300\" data-element_type=\"container\" data-settings=\"{&quot;jet_parallax_layout_list&quot;:[]}\">\n\t\t\t\t<div class=\"elementor-element elementor-element-0989b68 elementor-widget elementor-widget-image\" data-id=\"0989b68\" data-element_type=\"widget\" data-widget_type=\"image.default\">\n\t\t\t\t<div class=\"elementor-widget-container\">\n\t\t\t\t\t\t\t\t\t\t\t\t\t\t\t\t<a href=\"http:\/\/www.villaare.ee\" target=\"_blank\">\n\t\t\t\t\t\t\t<img fetchpriority=\"high\" decoding=\"async\" width=\"681\" height=\"329\" src=\"https:\/\/vonwahliresidents.ee\/wp-content\/uploads\/2025\/05\/villaare.svg\" class=\"attachment-large size-large wp-image-682\" alt=\"Villaare\" \/>\t\t\t\t\t\t\t\t<\/a>\n\t\t\t\t\t\t\t\t\t\t\t\t\t\t\t<\/div>\n\t\t\t\t<\/div>\n\t\t\t\t<div class=\"elementor-element elementor-element-713a45f elementor-widget elementor-widget-image\" data-id=\"713a45f\" data-element_type=\"widget\" data-widget_type=\"image.default\">\n\t\t\t\t<div class=\"elementor-widget-container\">\n\t\t\t\t\t\t\t\t\t\t\t\t\t\t\t<img decoding=\"async\" width=\"166\" height=\"166\" src=\"https:\/\/vonwahliresidents.ee\/wp-content\/uploads\/2025\/05\/m2rgismust.svg\" class=\"attachment-large size-large wp-image-683\" alt=\"\" \/>\t\t\t\t\t\t\t\t\t\t\t\t\t\t\t<\/div>\n\t\t\t\t<\/div>\n\t\t\t\t<\/div>\n\t\t\t\t\t<\/div>\n\t\t\t\t<\/div>\n\t\t\t\t<\/div>\n\t\t","protected":false},"excerpt":{"rendered":"<p>The builder of Von Wahl Residence is Villaare O\u00dc, with 20 years of experience in the field. Villaare O\u00dc was founded in 2005. is a real estate development and construction company established in Tartu, Estonia, in 2007, whose projects are completed under the management and responsibility of its own team. They have experience in both [&hellip;]<\/p>\n","protected":false},"author":1,"featured_media":0,"parent":0,"menu_order":0,"comment_status":"closed","ping_status":"closed","template":"","meta":{"_acf_changed":false,"footnotes":""},"class_list":["post-759","page","type-page","status-publish","hentry"],"acf":[],"yoast_head":"<!-- This site is optimized with the Yoast SEO plugin v26.6 - https:\/\/yoast.com\/wordpress\/plugins\/seo\/ -->\n<title>Villaare O\u00dc | From Wahli residents<\/title>\n<meta name=\"robots\" content=\"index, follow, max-snippet:-1, max-image-preview:large, max-video-preview:-1\" \/>\n<link rel=\"canonical\" href=\"https:\/\/vonwahliresidents.ee\/en\/villaare-ou\/\" \/>\n<meta property=\"og:locale\" content=\"en_US\" \/>\n<meta property=\"og:type\" content=\"article\" \/>\n<meta property=\"og:title\" content=\"Villaare O\u00dc | From Wahli residents\" \/>\n<meta property=\"og:description\" content=\"The builder of Von Wahl Residence is Villaare O\u00dc, with 20 years of experience in the field. Villaare O\u00dc was founded in 2005. is a real estate development and construction company established in Tartu, Estonia, in 2007, whose projects are completed under the management and responsibility of its own team. They have experience in both [&hellip;]\" \/>\n<meta property=\"og:url\" content=\"https:\/\/vonwahliresidents.ee\/en\/villaare-ou\/\" \/>\n<meta property=\"og:site_name\" content=\"From Wahli residents\" \/>\n<meta property=\"article:modified_time\" content=\"2025-07-03T11:44:42+00:00\" \/>\n<meta property=\"og:image\" content=\"https:\/\/vonwahliresidents.ee\/wp-content\/uploads\/2025\/06\/von-maja-eest.jpg\" \/>\n\t<meta property=\"og:image:width\" content=\"2000\" \/>\n\t<meta property=\"og:image:height\" content=\"1125\" \/>\n\t<meta property=\"og:image:type\" content=\"image\/jpeg\" \/>\n<meta name=\"twitter:card\" content=\"summary_large_image\" \/>\n<meta name=\"twitter:label1\" content=\"Est. reading time\" \/>\n\t<meta name=\"twitter:data1\" content=\"1 minute\" \/>\n<script type=\"application\/ld+json\" class=\"yoast-schema-graph\">{\"@context\":\"https:\/\/schema.org\",\"@graph\":[{\"@type\":\"WebPage\",\"@id\":\"https:\/\/vonwahliresidents.ee\/en\/villaare-ou\/\",\"url\":\"https:\/\/vonwahliresidents.ee\/en\/villaare-ou\/\",\"name\":\"Villaare O\u00dc | From Wahli residents\",\"isPartOf\":{\"@id\":\"https:\/\/vonwahliresidents.ee\/en\/#website\"},\"primaryImageOfPage\":{\"@id\":\"https:\/\/vonwahliresidents.ee\/en\/villaare-ou\/#primaryimage\"},\"image\":{\"@id\":\"https:\/\/vonwahliresidents.ee\/en\/villaare-ou\/#primaryimage\"},\"thumbnailUrl\":\"https:\/\/vonwahliresidents.ee\/wp-content\/uploads\/2025\/05\/villaare.svg\",\"datePublished\":\"2025-05-27T13:20:30+00:00\",\"dateModified\":\"2025-07-03T11:44:42+00:00\",\"breadcrumb\":{\"@id\":\"https:\/\/vonwahliresidents.ee\/en\/villaare-ou\/#breadcrumb\"},\"inLanguage\":\"en-US\",\"potentialAction\":[{\"@type\":\"ReadAction\",\"target\":[\"https:\/\/vonwahliresidents.ee\/en\/villaare-ou\/\"]}]},{\"@type\":\"ImageObject\",\"inLanguage\":\"en-US\",\"@id\":\"https:\/\/vonwahliresidents.ee\/en\/villaare-ou\/#primaryimage\",\"url\":\"https:\/\/vonwahliresidents.ee\/wp-content\/uploads\/2025\/05\/villaare.svg\",\"contentUrl\":\"https:\/\/vonwahliresidents.ee\/wp-content\/uploads\/2025\/05\/villaare.svg\"},{\"@type\":\"BreadcrumbList\",\"@id\":\"https:\/\/vonwahliresidents.ee\/en\/villaare-ou\/#breadcrumb\",\"itemListElement\":[{\"@type\":\"ListItem\",\"position\":1,\"name\":\"Esileht\",\"item\":\"https:\/\/vonwahliresidents.ee\/en\/home-page\/\"},{\"@type\":\"ListItem\",\"position\":2,\"name\":\"Villaare O\u00dc\"}]},{\"@type\":\"WebSite\",\"@id\":\"https:\/\/vonwahliresidents.ee\/en\/#website\",\"url\":\"https:\/\/vonwahliresidents.ee\/en\/\",\"name\":\"Von Wahli Residents\",\"description\":\"\",\"publisher\":{\"@id\":\"https:\/\/vonwahliresidents.ee\/en\/#organization\"},\"potentialAction\":[{\"@type\":\"SearchAction\",\"target\":{\"@type\":\"EntryPoint\",\"urlTemplate\":\"https:\/\/vonwahliresidents.ee\/en\/?s={search_term_string}\"},\"query-input\":{\"@type\":\"PropertyValueSpecification\",\"valueRequired\":true,\"valueName\":\"search_term_string\"}}],\"inLanguage\":\"en-US\"},{\"@type\":\"Organization\",\"@id\":\"https:\/\/vonwahliresidents.ee\/en\/#organization\",\"name\":\"Von Wahli Residents\",\"url\":\"https:\/\/vonwahliresidents.ee\/en\/\",\"logo\":{\"@type\":\"ImageObject\",\"inLanguage\":\"en-US\",\"@id\":\"https:\/\/vonwahliresidents.ee\/en\/#\/schema\/logo\/image\/\",\"url\":\"https:\/\/vonwahliresidents.ee\/wp-content\/uploads\/2025\/05\/Von-Wahli-residents_logo.svg\",\"contentUrl\":\"https:\/\/vonwahliresidents.ee\/wp-content\/uploads\/2025\/05\/Von-Wahli-residents_logo.svg\",\"width\":1000,\"height\":942,\"caption\":\"Von Wahli Residents\"},\"image\":{\"@id\":\"https:\/\/vonwahliresidents.ee\/en\/#\/schema\/logo\/image\/\"}}]}<\/script>\n<!-- \/ Yoast SEO plugin. -->","yoast_head_json":{"title":"Villaare O\u00dc | From Wahli residents","robots":{"index":"index","follow":"follow","max-snippet":"max-snippet:-1","max-image-preview":"max-image-preview:large","max-video-preview":"max-video-preview:-1"},"canonical":"https:\/\/vonwahliresidents.ee\/en\/villaare-ou\/","og_locale":"en_US","og_type":"article","og_title":"Villaare O\u00dc | From Wahli residents","og_description":"The builder of Von Wahl Residence is Villaare O\u00dc, with 20 years of experience in the field. Villaare O\u00dc was founded in 2005. is a real estate development and construction company established in Tartu, Estonia, in 2007, whose projects are completed under the management and responsibility of its own team. They have experience in both [&hellip;]","og_url":"https:\/\/vonwahliresidents.ee\/en\/villaare-ou\/","og_site_name":"From Wahli residents","article_modified_time":"2025-07-03T11:44:42+00:00","og_image":[{"width":2000,"height":1125,"url":"https:\/\/vonwahliresidents.ee\/wp-content\/uploads\/2025\/06\/von-maja-eest.jpg","type":"image\/jpeg"}],"twitter_card":"summary_large_image","twitter_misc":{"Est. reading time":"1 minute"},"schema":{"@context":"https:\/\/schema.org","@graph":[{"@type":"WebPage","@id":"https:\/\/vonwahliresidents.ee\/en\/villaare-ou\/","url":"https:\/\/vonwahliresidents.ee\/en\/villaare-ou\/","name":"Villaare O\u00dc | From Wahli residents","isPartOf":{"@id":"https:\/\/vonwahliresidents.ee\/en\/#website"},"primaryImageOfPage":{"@id":"https:\/\/vonwahliresidents.ee\/en\/villaare-ou\/#primaryimage"},"image":{"@id":"https:\/\/vonwahliresidents.ee\/en\/villaare-ou\/#primaryimage"},"thumbnailUrl":"https:\/\/vonwahliresidents.ee\/wp-content\/uploads\/2025\/05\/villaare.svg","datePublished":"2025-05-27T13:20:30+00:00","dateModified":"2025-07-03T11:44:42+00:00","breadcrumb":{"@id":"https:\/\/vonwahliresidents.ee\/en\/villaare-ou\/#breadcrumb"},"inLanguage":"en-US","potentialAction":[{"@type":"ReadAction","target":["https:\/\/vonwahliresidents.ee\/en\/villaare-ou\/"]}]},{"@type":"ImageObject","inLanguage":"en-US","@id":"https:\/\/vonwahliresidents.ee\/en\/villaare-ou\/#primaryimage","url":"https:\/\/vonwahliresidents.ee\/wp-content\/uploads\/2025\/05\/villaare.svg","contentUrl":"https:\/\/vonwahliresidents.ee\/wp-content\/uploads\/2025\/05\/villaare.svg"},{"@type":"BreadcrumbList","@id":"https:\/\/vonwahliresidents.ee\/en\/villaare-ou\/#breadcrumb","itemListElement":[{"@type":"ListItem","position":1,"name":"Esileht","item":"https:\/\/vonwahliresidents.ee\/en\/home-page\/"},{"@type":"ListItem","position":2,"name":"Villaare O\u00dc"}]},{"@type":"WebSite","@id":"https:\/\/vonwahliresidents.ee\/en\/#website","url":"https:\/\/vonwahliresidents.ee\/en\/","name":"Von Wahli Residents","description":"","publisher":{"@id":"https:\/\/vonwahliresidents.ee\/en\/#organization"},"potentialAction":[{"@type":"SearchAction","target":{"@type":"EntryPoint","urlTemplate":"https:\/\/vonwahliresidents.ee\/en\/?s={search_term_string}"},"query-input":{"@type":"PropertyValueSpecification","valueRequired":true,"valueName":"search_term_string"}}],"inLanguage":"en-US"},{"@type":"Organization","@id":"https:\/\/vonwahliresidents.ee\/en\/#organization","name":"Von Wahli Residents","url":"https:\/\/vonwahliresidents.ee\/en\/","logo":{"@type":"ImageObject","inLanguage":"en-US","@id":"https:\/\/vonwahliresidents.ee\/en\/#\/schema\/logo\/image\/","url":"https:\/\/vonwahliresidents.ee\/wp-content\/uploads\/2025\/05\/Von-Wahli-residents_logo.svg","contentUrl":"https:\/\/vonwahliresidents.ee\/wp-content\/uploads\/2025\/05\/Von-Wahli-residents_logo.svg","width":1000,"height":942,"caption":"Von Wahli Residents"},"image":{"@id":"https:\/\/vonwahliresidents.ee\/en\/#\/schema\/logo\/image\/"}}]}},"_links":{"self":[{"href":"https:\/\/vonwahliresidents.ee\/en\/wp-json\/wp\/v2\/pages\/759","targetHints":{"allow":["GET"]}}],"collection":[{"href":"https:\/\/vonwahliresidents.ee\/en\/wp-json\/wp\/v2\/pages"}],"about":[{"href":"https:\/\/vonwahliresidents.ee\/en\/wp-json\/wp\/v2\/types\/page"}],"author":[{"embeddable":true,"href":"https:\/\/vonwahliresidents.ee\/en\/wp-json\/wp\/v2\/users\/1"}],"replies":[{"embeddable":true,"href":"https:\/\/vonwahliresidents.ee\/en\/wp-json\/wp\/v2\/comments?post=759"}],"version-history":[{"count":4,"href":"https:\/\/vonwahliresidents.ee\/en\/wp-json\/wp\/v2\/pages\/759\/revisions"}],"predecessor-version":[{"id":1020,"href":"https:\/\/vonwahliresidents.ee\/en\/wp-json\/wp\/v2\/pages\/759\/revisions\/1020"}],"wp:attachment":[{"href":"https:\/\/vonwahliresidents.ee\/en\/wp-json\/wp\/v2\/media?parent=759"}],"curies":[{"name":"wp","href":"https:\/\/api.w.org\/{rel}","templated":true}]}}