{"id":761,"date":"2025-05-27T10:34:13","date_gmt":"2025-05-27T07:34:13","guid":{"rendered":"https:\/\/vonwahliresidents.ee\/home-page\/"},"modified":"2026-01-29T16:12:30","modified_gmt":"2026-01-29T14:12:30","slug":"home-page","status":"publish","type":"page","link":"https:\/\/vonwahliresidents.ee\/en\/","title":{"rendered":"Home page"},"content":{"rendered":"\t\t<div data-elementor-type=\"wp-page\" data-elementor-id=\"761\" class=\"elementor elementor-761 elementor-15\" data-elementor-post-type=\"page\">\n\t\t\t\t<div class=\"elementor-element elementor-element-91ae378 e-flex e-con-boxed e-con e-parent\" data-id=\"91ae378\" data-element_type=\"container\" data-settings=\"{&quot;background_background&quot;:&quot;slideshow&quot;,&quot;background_slideshow_gallery&quot;:[{&quot;id&quot;:1134,&quot;url&quot;:&quot;https:\\\/\\\/vonwahliresidents.ee\\\/wp-content\\\/uploads\\\/2025\\\/09\\\/vonwahl_1.jpg&quot;},{&quot;id&quot;:673,&quot;url&quot;:&quot;https:\\\/\\\/vonwahliresidents.ee\\\/wp-content\\\/uploads\\\/2025\\\/05\\\/villa_2.jpg&quot;},{&quot;id&quot;:674,&quot;url&quot;:&quot;https:\\\/\\\/vonwahliresidents.ee\\\/wp-content\\\/uploads\\\/2025\\\/05\\\/villa_1.jpg&quot;}],&quot;background_slideshow_ken_burns&quot;:&quot;yes&quot;,&quot;jet_parallax_layout_list&quot;:[],&quot;background_slideshow_loop&quot;:&quot;yes&quot;,&quot;background_slideshow_slide_duration&quot;:5000,&quot;background_slideshow_slide_transition&quot;:&quot;fade&quot;,&quot;background_slideshow_transition_duration&quot;:500,&quot;background_slideshow_ken_burns_zoom_direction&quot;:&quot;in&quot;}\">\n\t\t\t\t\t<div class=\"e-con-inner\">\n\t\t\t\t<div class=\"elementor-element elementor-element-f540e54 elementor-widget__width-initial elementor-widget elementor-widget-heading\" data-id=\"f540e54\" data-element_type=\"widget\" data-widget_type=\"heading.default\">\n\t\t\t\t<div class=\"elementor-widget-container\">\n\t\t\t\t\t<h1 class=\"elementor-heading-title elementor-size-default\">A historic home in the Von Wahl Residence with a view of the Emaj\u00f5gi River <\/h1>\t\t\t\t<\/div>\n\t\t\t\t<\/div>\n\t\t\t\t<div class=\"elementor-element elementor-element-7d9d89b elementor-widget elementor-widget-button\" data-id=\"7d9d89b\" data-element_type=\"widget\" data-widget_type=\"button.default\">\n\t\t\t\t<div class=\"elementor-widget-container\">\n\t\t\t\t\t\t\t\t\t<div class=\"elementor-button-wrapper\">\n\t\t\t\t\t<a class=\"elementor-button elementor-button-link elementor-size-sm elementor-animation-float\" href=\"https:\/\/vonwahliresidents.ee\/en\/prices-and-plans\/\">\n\t\t\t\t\t\t<span class=\"elementor-button-content-wrapper\">\n\t\t\t\t\t\t\t\t\t<span class=\"elementor-button-text\">VIEW APARTMENTS<\/span>\n\t\t\t\t\t<\/span>\n\t\t\t\t\t<\/a>\n\t\t\t\t<\/div>\n\t\t\t\t\t\t\t\t<\/div>\n\t\t\t\t<\/div>\n\t\t\t\t\t<\/div>\n\t\t\t\t<\/div>\n\t\t<div class=\"elementor-element elementor-element-01c2cfa e-grid e-con-boxed e-con e-parent\" data-id=\"01c2cfa\" data-element_type=\"container\" data-settings=\"{&quot;background_background&quot;:&quot;classic&quot;,&quot;jet_parallax_layout_list&quot;:[]}\">\n\t\t\t\t\t<div class=\"e-con-inner\">\n\t\t\t\t<div class=\"elementor-element elementor-element-98a63aa elementor-widget elementor-widget-image-box\" data-id=\"98a63aa\" data-element_type=\"widget\" data-widget_type=\"image-box.default\">\n\t\t\t\t<div class=\"elementor-widget-container\">\n\t\t\t\t\t<div class=\"elementor-image-box-wrapper\"><div class=\"elementor-image-box-content\"><h3 class=\"elementor-image-box-title\">3<\/h3><p class=\"elementor-image-box-description\">floors<\/p><\/div><\/div>\t\t\t\t<\/div>\n\t\t\t\t<\/div>\n\t\t\t\t<div class=\"elementor-element elementor-element-c8e78b3 elementor-widget elementor-widget-image-box\" data-id=\"c8e78b3\" data-element_type=\"widget\" data-widget_type=\"image-box.default\">\n\t\t\t\t<div class=\"elementor-widget-container\">\n\t\t\t\t\t<div class=\"elementor-image-box-wrapper\"><div class=\"elementor-image-box-content\"><h3 class=\"elementor-image-box-title\">1-5<\/h3><p class=\"elementor-image-box-description\">rooms<\/p><\/div><\/div>\t\t\t\t<\/div>\n\t\t\t\t<\/div>\n\t\t\t\t<div class=\"elementor-element elementor-element-52c34de elementor-widget elementor-widget-image-box\" data-id=\"52c34de\" data-element_type=\"widget\" data-widget_type=\"image-box.default\">\n\t\t\t\t<div class=\"elementor-widget-container\">\n\t\t\t\t\t<div class=\"elementor-image-box-wrapper\"><div class=\"elementor-image-box-content\"><h3 class=\"elementor-image-box-title\">37<\/h3><p class=\"elementor-image-box-description\">apartments<\/p><\/div><\/div>\t\t\t\t<\/div>\n\t\t\t\t<\/div>\n\t\t\t\t<div class=\"elementor-element elementor-element-0caaccd elementor-widget elementor-widget-image-box\" data-id=\"0caaccd\" data-element_type=\"widget\" data-widget_type=\"image-box.default\">\n\t\t\t\t<div class=\"elementor-widget-container\">\n\t\t\t\t\t<div class=\"elementor-image-box-wrapper\"><div class=\"elementor-image-box-content\"><h3 class=\"elementor-image-box-title\">27,0 \u2013 143,3 m\u00b2<\/h3><p class=\"elementor-image-box-description\">apartment sizes<\/p><\/div><\/div>\t\t\t\t<\/div>\n\t\t\t\t<\/div>\n\t\t\t\t\t<\/div>\n\t\t\t\t<\/div>\n\t\t<div class=\"elementor-element elementor-element-241d27f e-flex e-con-boxed e-con e-parent\" data-id=\"241d27f\" data-element_type=\"container\" data-settings=\"{&quot;background_background&quot;:&quot;classic&quot;,&quot;jet_parallax_layout_list&quot;:[]}\">\n\t\t\t\t\t<div class=\"e-con-inner\">\n\t\t<div class=\"elementor-element elementor-element-d022215 e-con-full e-flex e-con e-child\" data-id=\"d022215\" data-element_type=\"container\" data-settings=\"{&quot;jet_parallax_layout_list&quot;:[]}\">\n\t\t\t\t<div class=\"elementor-element elementor-element-3919402 elementor-widget elementor-widget-image\" data-id=\"3919402\" data-element_type=\"widget\" data-widget_type=\"image.default\">\n\t\t\t\t<div class=\"elementor-widget-container\">\n\t\t\t\t\t\t\t\t\t\t\t\t\t\t\t<img fetchpriority=\"high\" decoding=\"async\" width=\"800\" height=\"450\" src=\"https:\/\/vonwahliresidents.ee\/wp-content\/uploads\/2025\/08\/005_Ext-1024x576.jpg\" class=\"attachment-large size-large wp-image-1123\" alt=\"\" srcset=\"https:\/\/vonwahliresidents.ee\/wp-content\/uploads\/2025\/08\/005_Ext-1024x576.jpg 1024w, https:\/\/vonwahliresidents.ee\/wp-content\/uploads\/2025\/08\/005_Ext-300x169.jpg 300w, https:\/\/vonwahliresidents.ee\/wp-content\/uploads\/2025\/08\/005_Ext-768x432.jpg 768w, https:\/\/vonwahliresidents.ee\/wp-content\/uploads\/2025\/08\/005_Ext-1536x864.jpg 1536w, https:\/\/vonwahliresidents.ee\/wp-content\/uploads\/2025\/08\/005_Ext-2048x1152.jpg 2048w\" sizes=\"(max-width: 800px) 100vw, 800px\" \/>\t\t\t\t\t\t\t\t\t\t\t\t\t\t\t<\/div>\n\t\t\t\t<\/div>\n\t\t\t\t<\/div>\n\t\t<div class=\"elementor-element elementor-element-6d72205 e-con-full e-flex e-con e-child\" data-id=\"6d72205\" data-element_type=\"container\" data-settings=\"{&quot;jet_parallax_layout_list&quot;:[]}\">\n\t\t\t\t<div class=\"elementor-element elementor-element-223927a elementor-widget elementor-widget-text-editor\" data-id=\"223927a\" data-element_type=\"widget\" data-widget_type=\"text-editor.default\">\n\t\t\t\t<div class=\"elementor-widget-container\">\n\t\t\t\t\t\t\t\t\t<h2>Historic tranquility and greenery on the edge of Tartu city center<\/h2><p>On the high banks of the Emaj\u00f5gi River, in a manor-like park near Tartu\u2019s Old Town, lies a home where views and peace are a natural part of life. Von Wahl Residence is for those seeking balance between natural greenery and urban proximity.<\/p>\t\t\t\t\t\t\t\t<\/div>\n\t\t\t\t<\/div>\n\t\t\t\t<div class=\"elementor-element elementor-element-b26efb9 elementor-widget elementor-widget-button\" data-id=\"b26efb9\" data-element_type=\"widget\" data-widget_type=\"button.default\">\n\t\t\t\t<div class=\"elementor-widget-container\">\n\t\t\t\t\t\t\t\t\t<div class=\"elementor-button-wrapper\">\n\t\t\t\t\t<a class=\"elementor-button elementor-button-link elementor-size-sm elementor-animation-float\" href=\"https:\/\/vonwahliresidents.ee\/en\/location\/\">\n\t\t\t\t\t\t<span class=\"elementor-button-content-wrapper\">\n\t\t\t\t\t\t\t\t\t<span class=\"elementor-button-text\">EXPLORE THE AREA<\/span>\n\t\t\t\t\t<\/span>\n\t\t\t\t\t<\/a>\n\t\t\t\t<\/div>\n\t\t\t\t\t\t\t\t<\/div>\n\t\t\t\t<\/div>\n\t\t\t\t<\/div>\n\t\t\t\t\t<\/div>\n\t\t\t\t<\/div>\n\t\t<div class=\"elementor-element elementor-element-d7b3050 e-flex e-con-boxed e-con e-parent\" data-id=\"d7b3050\" data-element_type=\"container\" data-settings=\"{&quot;jet_parallax_layout_list&quot;:[]}\">\n\t\t\t\t\t<div class=\"e-con-inner\">\n\t\t<div class=\"elementor-element elementor-element-78e022c e-con-full e-flex e-con e-child\" data-id=\"78e022c\" data-element_type=\"container\" data-settings=\"{&quot;jet_parallax_layout_list&quot;:[]}\">\n\t\t\t\t<div class=\"elementor-element elementor-element-e11a7bc elementor-widget elementor-widget-text-editor\" data-id=\"e11a7bc\" data-element_type=\"widget\" data-widget_type=\"text-editor.default\">\n\t\t\t\t<div class=\"elementor-widget-container\">\n\t\t\t\t\t\t\t\t\t<h2>Exclusive homes with a clear sense of space<\/h2>\n<p>Von Wahli Residences offers 37 thoughtfully planned apartments, ranging from 1- to 5-room homes.<br>The selection includes spacious one- and two-room city apartments as well as larger, family-friendly residences.<br>An ideal place for families to live, with a kindergarten and school located nearby.<\/p>\t\t\t\t\t\t\t\t<\/div>\n\t\t\t\t<\/div>\n\t\t\t\t<div class=\"elementor-element elementor-element-658162d elementor-widget elementor-widget-button\" data-id=\"658162d\" data-element_type=\"widget\" data-widget_type=\"button.default\">\n\t\t\t\t<div class=\"elementor-widget-container\">\n\t\t\t\t\t\t\t\t\t<div class=\"elementor-button-wrapper\">\n\t\t\t\t\t<a class=\"elementor-button elementor-button-link elementor-size-sm elementor-animation-float\" href=\"https:\/\/vonwahliresidents.ee\/en\/prices-and-plans\/\">\n\t\t\t\t\t\t<span class=\"elementor-button-content-wrapper\">\n\t\t\t\t\t\t\t\t\t<span class=\"elementor-button-text\">VIEW APARTMENTS<\/span>\n\t\t\t\t\t<\/span>\n\t\t\t\t\t<\/a>\n\t\t\t\t<\/div>\n\t\t\t\t\t\t\t\t<\/div>\n\t\t\t\t<\/div>\n\t\t\t\t<\/div>\n\t\t<div class=\"elementor-element elementor-element-0530599 e-con-full e-flex e-con e-child\" data-id=\"0530599\" data-element_type=\"container\" data-settings=\"{&quot;jet_parallax_layout_list&quot;:[]}\">\n\t\t\t\t<div class=\"elementor-element elementor-element-af5ab4b elementor-widget elementor-widget-image\" data-id=\"af5ab4b\" data-element_type=\"widget\" data-widget_type=\"image.default\">\n\t\t\t\t<div class=\"elementor-widget-container\">\n\t\t\t\t\t\t\t\t\t\t\t\t\t\t\t<img decoding=\"async\" width=\"800\" height=\"534\" src=\"https:\/\/vonwahliresidents.ee\/wp-content\/uploads\/2025\/05\/villa_1-1024x683.jpg\" class=\"attachment-large size-large wp-image-674\" alt=\"Von Wahli residents\" srcset=\"https:\/\/vonwahliresidents.ee\/wp-content\/uploads\/2025\/05\/villa_1-1024x683.jpg 1024w, https:\/\/vonwahliresidents.ee\/wp-content\/uploads\/2025\/05\/villa_1-300x200.jpg 300w, https:\/\/vonwahliresidents.ee\/wp-content\/uploads\/2025\/05\/villa_1-768x512.jpg 768w, https:\/\/vonwahliresidents.ee\/wp-content\/uploads\/2025\/05\/villa_1-1536x1024.jpg 1536w, https:\/\/vonwahliresidents.ee\/wp-content\/uploads\/2025\/05\/villa_1.jpg 1920w\" sizes=\"(max-width: 800px) 100vw, 800px\" \/>\t\t\t\t\t\t\t\t\t\t\t\t\t\t\t<\/div>\n\t\t\t\t<\/div>\n\t\t\t\t<\/div>\n\t\t\t\t\t<\/div>\n\t\t\t\t<\/div>\n\t\t<div class=\"elementor-element elementor-element-7eeaf27 e-flex e-con-boxed e-con e-parent\" data-id=\"7eeaf27\" data-element_type=\"container\" data-settings=\"{&quot;jet_parallax_layout_list&quot;:[]}\">\n\t\t\t\t\t<div class=\"e-con-inner\">\n\t\t<div class=\"elementor-element elementor-element-3ffa79b e-con-full e-flex e-con e-child\" data-id=\"3ffa79b\" data-element_type=\"container\" data-settings=\"{&quot;jet_parallax_layout_list&quot;:[]}\">\n\t\t\t\t<div class=\"elementor-element elementor-element-e8fc53f elementor-widget elementor-widget-image\" data-id=\"e8fc53f\" data-element_type=\"widget\" data-widget_type=\"image.default\">\n\t\t\t\t<div class=\"elementor-widget-container\">\n\t\t\t\t\t\t\t\t\t\t\t\t\t\t\t<img decoding=\"async\" width=\"800\" height=\"540\" src=\"https:\/\/vonwahliresidents.ee\/wp-content\/uploads\/2025\/12\/Von-Wahli_collage-siseviimistlus_UUS-1.png\" class=\"attachment-large size-large wp-image-1485\" alt=\"\" srcset=\"https:\/\/vonwahliresidents.ee\/wp-content\/uploads\/2025\/12\/Von-Wahli_collage-siseviimistlus_UUS-1.png 900w, https:\/\/vonwahliresidents.ee\/wp-content\/uploads\/2025\/12\/Von-Wahli_collage-siseviimistlus_UUS-1-300x203.png 300w, https:\/\/vonwahliresidents.ee\/wp-content\/uploads\/2025\/12\/Von-Wahli_collage-siseviimistlus_UUS-1-768x519.png 768w\" sizes=\"(max-width: 800px) 100vw, 800px\" \/>\t\t\t\t\t\t\t\t\t\t\t\t\t\t\t<\/div>\n\t\t\t\t<\/div>\n\t\t\t\t<\/div>\n\t\t<div class=\"elementor-element elementor-element-783c092 e-con-full e-flex e-con e-child\" data-id=\"783c092\" data-element_type=\"container\" data-settings=\"{&quot;jet_parallax_layout_list&quot;:[]}\">\n\t\t\t\t<div class=\"elementor-element elementor-element-5224025 elementor-widget elementor-widget-text-editor\" data-id=\"5224025\" data-element_type=\"widget\" data-widget_type=\"text-editor.default\">\n\t\t\t\t<div class=\"elementor-widget-container\">\n\t\t\t\t\t\t\t\t\t<h2>Finishes that give your home character<\/h2><p>There are three interior finish packages available, designed to complement the building\u2019s history and suit different style preferences.<br>Whether your taste is classic, elegant, or bold, there is an option to match your vision. Every detail, material and tone contributes to a timeless quality living environment.<\/p>\t\t\t\t\t\t\t\t<\/div>\n\t\t\t\t<\/div>\n\t\t\t\t<div class=\"elementor-element elementor-element-253b599 elementor-widget elementor-widget-button\" data-id=\"253b599\" data-element_type=\"widget\" data-widget_type=\"button.default\">\n\t\t\t\t<div class=\"elementor-widget-container\">\n\t\t\t\t\t\t\t\t\t<div class=\"elementor-button-wrapper\">\n\t\t\t\t\t<a class=\"elementor-button elementor-button-link elementor-size-sm elementor-animation-float\" href=\"https:\/\/vonwahliresidents.ee\/en\/interior-finishing\/\">\n\t\t\t\t\t\t<span class=\"elementor-button-content-wrapper\">\n\t\t\t\t\t\t\t\t\t<span class=\"elementor-button-text\">EXPLORE INTERIOR PACKAGES<\/span>\n\t\t\t\t\t<\/span>\n\t\t\t\t\t<\/a>\n\t\t\t\t<\/div>\n\t\t\t\t\t\t\t\t<\/div>\n\t\t\t\t<\/div>\n\t\t\t\t<\/div>\n\t\t\t\t\t<\/div>\n\t\t\t\t<\/div>\n\t\t<div class=\"elementor-element elementor-element-6f19135 e-flex e-con-boxed e-con e-parent\" data-id=\"6f19135\" data-element_type=\"container\" data-settings=\"{&quot;jet_parallax_layout_list&quot;:[]}\">\n\t\t\t\t\t<div class=\"e-con-inner\">\n\t\t<div class=\"elementor-element elementor-element-35ff973 e-con-full e-flex e-con e-child\" data-id=\"35ff973\" data-element_type=\"container\" data-settings=\"{&quot;jet_parallax_layout_list&quot;:[]}\">\n\t\t\t\t<div class=\"elementor-element elementor-element-de3990b elementor-widget elementor-widget-text-editor\" data-id=\"de3990b\" data-element_type=\"widget\" data-widget_type=\"text-editor.default\">\n\t\t\t\t<div class=\"elementor-widget-container\">\n\t\t\t\t\t\t\t\t\t<h2>Related to the past. Created for the future.<\/h2><p>Buying a new home in the Von Wahl Residences development is simple and transparent. We&#8217;ve created a process that supports you every step of the way. From getting interested to getting the keys.  <\/p>\t\t\t\t\t\t\t\t<\/div>\n\t\t\t\t<\/div>\n\t\t\t\t<\/div>\n\t\t<div class=\"elementor-element elementor-element-9d900c3 e-con-full e-flex e-con e-child\" data-id=\"9d900c3\" data-element_type=\"container\" data-settings=\"{&quot;jet_parallax_layout_list&quot;:[]}\">\n\t\t\t\t<div class=\"elementor-element elementor-element-76628bf elementor-widget elementor-widget-image\" data-id=\"76628bf\" data-element_type=\"widget\" data-widget_type=\"image.default\">\n\t\t\t\t<div class=\"elementor-widget-container\">\n\t\t\t\t\t\t\t\t\t\t\t\t\t\t\t<img loading=\"lazy\" decoding=\"async\" width=\"800\" height=\"534\" src=\"https:\/\/vonwahliresidents.ee\/wp-content\/uploads\/2025\/05\/villa_2-1024x683.jpg\" class=\"attachment-large size-large wp-image-673\" alt=\"Von Wahli residents\" srcset=\"https:\/\/vonwahliresidents.ee\/wp-content\/uploads\/2025\/05\/villa_2-1024x683.jpg 1024w, https:\/\/vonwahliresidents.ee\/wp-content\/uploads\/2025\/05\/villa_2-300x200.jpg 300w, https:\/\/vonwahliresidents.ee\/wp-content\/uploads\/2025\/05\/villa_2-768x512.jpg 768w, https:\/\/vonwahliresidents.ee\/wp-content\/uploads\/2025\/05\/villa_2-1536x1025.jpg 1536w, https:\/\/vonwahliresidents.ee\/wp-content\/uploads\/2025\/05\/villa_2.jpg 1920w\" sizes=\"(max-width: 800px) 100vw, 800px\" \/>\t\t\t\t\t\t\t\t\t\t\t\t\t\t\t<\/div>\n\t\t\t\t<\/div>\n\t\t\t\t<\/div>\n\t\t\t\t\t<\/div>\n\t\t\t\t<\/div>\n\t\t\t\t<\/div>\n\t\t","protected":false},"excerpt":{"rendered":"<p>A historic home in the Von Wahl Residence with a view of the Emaj\u00f5gi River VIEW APARTMENTS 3 floors 1-5 rooms 37 apartments 27,0 \u2013 143,3 m\u00b2 apartment sizes Historic tranquility and greenery on the edge of Tartu city center On the high banks of the Emaj\u00f5gi River, in a manor-like park near Tartu\u2019s Old [&hellip;]<\/p>\n","protected":false},"author":1,"featured_media":0,"parent":0,"menu_order":0,"comment_status":"closed","ping_status":"closed","template":"","meta":{"_acf_changed":false,"footnotes":""},"class_list":["post-761","page","type-page","status-publish","hentry"],"acf":[],"yoast_head":"<!-- This site is optimized with the Yoast SEO plugin v26.6 - https:\/\/yoast.com\/wordpress\/plugins\/seo\/ -->\n<title>Von Wahli Residents<\/title>\n<meta name=\"description\" content=\"Uued kodud Emaj\u00f5e n\u00f5lval, m\u00f5isapargis ja Tartu vanalinna l\u00e4heduses.\" \/>\n<meta name=\"robots\" content=\"index, follow, max-snippet:-1, max-image-preview:large, max-video-preview:-1\" \/>\n<link rel=\"canonical\" href=\"https:\/\/vonwahliresidents.ee\/en\/\" \/>\n<meta property=\"og:locale\" content=\"en_US\" \/>\n<meta property=\"og:type\" content=\"article\" \/>\n<meta property=\"og:title\" content=\"Von Wahli Residents\" \/>\n<meta property=\"og:description\" content=\"Uued kodud Emaj\u00f5e n\u00f5lval, m\u00f5isapargis ja Tartu vanalinna l\u00e4heduses.\" \/>\n<meta property=\"og:url\" content=\"https:\/\/vonwahliresidents.ee\/en\/\" \/>\n<meta property=\"og:site_name\" content=\"From Wahli residents\" \/>\n<meta property=\"article:modified_time\" content=\"2026-01-29T14:12:30+00:00\" \/>\n<meta property=\"og:image\" content=\"https:\/\/vonwahliresidents.ee\/wp-content\/uploads\/2025\/08\/005_Ext-scaled.jpg\" \/>\n\t<meta property=\"og:image:width\" content=\"2560\" \/>\n\t<meta property=\"og:image:height\" content=\"1440\" \/>\n\t<meta property=\"og:image:type\" content=\"image\/jpeg\" \/>\n<meta name=\"twitter:card\" content=\"summary_large_image\" \/>\n<meta name=\"twitter:label1\" content=\"Est. reading time\" \/>\n\t<meta name=\"twitter:data1\" content=\"1 minute\" \/>\n<script type=\"application\/ld+json\" class=\"yoast-schema-graph\">{\"@context\":\"https:\/\/schema.org\",\"@graph\":[{\"@type\":\"WebPage\",\"@id\":\"https:\/\/vonwahliresidents.ee\/en\/\",\"url\":\"https:\/\/vonwahliresidents.ee\/en\/\",\"name\":\"Von Wahli Residents\",\"isPartOf\":{\"@id\":\"https:\/\/vonwahliresidents.ee\/en\/#website\"},\"primaryImageOfPage\":{\"@id\":\"https:\/\/vonwahliresidents.ee\/en\/#primaryimage\"},\"image\":{\"@id\":\"https:\/\/vonwahliresidents.ee\/en\/#primaryimage\"},\"thumbnailUrl\":\"https:\/\/vonwahliresidents.ee\/wp-content\/uploads\/2025\/08\/005_Ext-1024x576.jpg\",\"datePublished\":\"2025-05-27T07:34:13+00:00\",\"dateModified\":\"2026-01-29T14:12:30+00:00\",\"description\":\"Uued kodud Emaj\u00f5e n\u00f5lval, m\u00f5isapargis ja Tartu vanalinna l\u00e4heduses.\",\"breadcrumb\":{\"@id\":\"https:\/\/vonwahliresidents.ee\/en\/#breadcrumb\"},\"inLanguage\":\"en-US\",\"potentialAction\":[{\"@type\":\"ReadAction\",\"target\":[\"https:\/\/vonwahliresidents.ee\/en\/\"]}]},{\"@type\":\"ImageObject\",\"inLanguage\":\"en-US\",\"@id\":\"https:\/\/vonwahliresidents.ee\/en\/#primaryimage\",\"url\":\"https:\/\/vonwahliresidents.ee\/wp-content\/uploads\/2025\/08\/005_Ext-1024x576.jpg\",\"contentUrl\":\"https:\/\/vonwahliresidents.ee\/wp-content\/uploads\/2025\/08\/005_Ext-1024x576.jpg\"},{\"@type\":\"BreadcrumbList\",\"@id\":\"https:\/\/vonwahliresidents.ee\/en\/#breadcrumb\",\"itemListElement\":[{\"@type\":\"ListItem\",\"position\":1,\"name\":\"Esileht\",\"item\":\"https:\/\/vonwahliresidents.ee\/en\/home-page\/\"},{\"@type\":\"ListItem\",\"position\":2,\"name\":\"Home page\"}]},{\"@type\":\"WebSite\",\"@id\":\"https:\/\/vonwahliresidents.ee\/en\/#website\",\"url\":\"https:\/\/vonwahliresidents.ee\/en\/\",\"name\":\"Von Wahli Residents\",\"description\":\"\",\"publisher\":{\"@id\":\"https:\/\/vonwahliresidents.ee\/en\/#organization\"},\"potentialAction\":[{\"@type\":\"SearchAction\",\"target\":{\"@type\":\"EntryPoint\",\"urlTemplate\":\"https:\/\/vonwahliresidents.ee\/en\/?s={search_term_string}\"},\"query-input\":{\"@type\":\"PropertyValueSpecification\",\"valueRequired\":true,\"valueName\":\"search_term_string\"}}],\"inLanguage\":\"en-US\"},{\"@type\":\"Organization\",\"@id\":\"https:\/\/vonwahliresidents.ee\/en\/#organization\",\"name\":\"Von Wahli Residents\",\"url\":\"https:\/\/vonwahliresidents.ee\/en\/\",\"logo\":{\"@type\":\"ImageObject\",\"inLanguage\":\"en-US\",\"@id\":\"https:\/\/vonwahliresidents.ee\/en\/#\/schema\/logo\/image\/\",\"url\":\"https:\/\/vonwahliresidents.ee\/wp-content\/uploads\/2025\/05\/Von-Wahli-residents_logo.svg\",\"contentUrl\":\"https:\/\/vonwahliresidents.ee\/wp-content\/uploads\/2025\/05\/Von-Wahli-residents_logo.svg\",\"width\":1000,\"height\":942,\"caption\":\"Von Wahli Residents\"},\"image\":{\"@id\":\"https:\/\/vonwahliresidents.ee\/en\/#\/schema\/logo\/image\/\"}}]}<\/script>\n<!-- \/ Yoast SEO plugin. -->","yoast_head_json":{"title":"Von Wahli Residents","description":"Uued kodud Emaj\u00f5e n\u00f5lval, m\u00f5isapargis ja Tartu vanalinna l\u00e4heduses.","robots":{"index":"index","follow":"follow","max-snippet":"max-snippet:-1","max-image-preview":"max-image-preview:large","max-video-preview":"max-video-preview:-1"},"canonical":"https:\/\/vonwahliresidents.ee\/en\/","og_locale":"en_US","og_type":"article","og_title":"Von Wahli Residents","og_description":"Uued kodud Emaj\u00f5e n\u00f5lval, m\u00f5isapargis ja Tartu vanalinna l\u00e4heduses.","og_url":"https:\/\/vonwahliresidents.ee\/en\/","og_site_name":"From Wahli residents","article_modified_time":"2026-01-29T14:12:30+00:00","og_image":[{"width":2560,"height":1440,"url":"https:\/\/vonwahliresidents.ee\/wp-content\/uploads\/2025\/08\/005_Ext-scaled.jpg","type":"image\/jpeg"}],"twitter_card":"summary_large_image","twitter_misc":{"Est. reading time":"1 minute"},"schema":{"@context":"https:\/\/schema.org","@graph":[{"@type":"WebPage","@id":"https:\/\/vonwahliresidents.ee\/en\/","url":"https:\/\/vonwahliresidents.ee\/en\/","name":"Von Wahli Residents","isPartOf":{"@id":"https:\/\/vonwahliresidents.ee\/en\/#website"},"primaryImageOfPage":{"@id":"https:\/\/vonwahliresidents.ee\/en\/#primaryimage"},"image":{"@id":"https:\/\/vonwahliresidents.ee\/en\/#primaryimage"},"thumbnailUrl":"https:\/\/vonwahliresidents.ee\/wp-content\/uploads\/2025\/08\/005_Ext-1024x576.jpg","datePublished":"2025-05-27T07:34:13+00:00","dateModified":"2026-01-29T14:12:30+00:00","description":"Uued kodud Emaj\u00f5e n\u00f5lval, m\u00f5isapargis ja Tartu vanalinna l\u00e4heduses.","breadcrumb":{"@id":"https:\/\/vonwahliresidents.ee\/en\/#breadcrumb"},"inLanguage":"en-US","potentialAction":[{"@type":"ReadAction","target":["https:\/\/vonwahliresidents.ee\/en\/"]}]},{"@type":"ImageObject","inLanguage":"en-US","@id":"https:\/\/vonwahliresidents.ee\/en\/#primaryimage","url":"https:\/\/vonwahliresidents.ee\/wp-content\/uploads\/2025\/08\/005_Ext-1024x576.jpg","contentUrl":"https:\/\/vonwahliresidents.ee\/wp-content\/uploads\/2025\/08\/005_Ext-1024x576.jpg"},{"@type":"BreadcrumbList","@id":"https:\/\/vonwahliresidents.ee\/en\/#breadcrumb","itemListElement":[{"@type":"ListItem","position":1,"name":"Esileht","item":"https:\/\/vonwahliresidents.ee\/en\/home-page\/"},{"@type":"ListItem","position":2,"name":"Home page"}]},{"@type":"WebSite","@id":"https:\/\/vonwahliresidents.ee\/en\/#website","url":"https:\/\/vonwahliresidents.ee\/en\/","name":"Von Wahli Residents","description":"","publisher":{"@id":"https:\/\/vonwahliresidents.ee\/en\/#organization"},"potentialAction":[{"@type":"SearchAction","target":{"@type":"EntryPoint","urlTemplate":"https:\/\/vonwahliresidents.ee\/en\/?s={search_term_string}"},"query-input":{"@type":"PropertyValueSpecification","valueRequired":true,"valueName":"search_term_string"}}],"inLanguage":"en-US"},{"@type":"Organization","@id":"https:\/\/vonwahliresidents.ee\/en\/#organization","name":"Von Wahli Residents","url":"https:\/\/vonwahliresidents.ee\/en\/","logo":{"@type":"ImageObject","inLanguage":"en-US","@id":"https:\/\/vonwahliresidents.ee\/en\/#\/schema\/logo\/image\/","url":"https:\/\/vonwahliresidents.ee\/wp-content\/uploads\/2025\/05\/Von-Wahli-residents_logo.svg","contentUrl":"https:\/\/vonwahliresidents.ee\/wp-content\/uploads\/2025\/05\/Von-Wahli-residents_logo.svg","width":1000,"height":942,"caption":"Von Wahli Residents"},"image":{"@id":"https:\/\/vonwahliresidents.ee\/en\/#\/schema\/logo\/image\/"}}]}},"_links":{"self":[{"href":"https:\/\/vonwahliresidents.ee\/en\/wp-json\/wp\/v2\/pages\/761","targetHints":{"allow":["GET"]}}],"collection":[{"href":"https:\/\/vonwahliresidents.ee\/en\/wp-json\/wp\/v2\/pages"}],"about":[{"href":"https:\/\/vonwahliresidents.ee\/en\/wp-json\/wp\/v2\/types\/page"}],"author":[{"embeddable":true,"href":"https:\/\/vonwahliresidents.ee\/en\/wp-json\/wp\/v2\/users\/1"}],"replies":[{"embeddable":true,"href":"https:\/\/vonwahliresidents.ee\/en\/wp-json\/wp\/v2\/comments?post=761"}],"version-history":[{"count":9,"href":"https:\/\/vonwahliresidents.ee\/en\/wp-json\/wp\/v2\/pages\/761\/revisions"}],"predecessor-version":[{"id":1554,"href":"https:\/\/vonwahliresidents.ee\/en\/wp-json\/wp\/v2\/pages\/761\/revisions\/1554"}],"wp:attachment":[{"href":"https:\/\/vonwahliresidents.ee\/en\/wp-json\/wp\/v2\/media?parent=761"}],"curies":[{"name":"wp","href":"https:\/\/api.w.org\/{rel}","templated":true}]}}